{"id":3612,"date":"2021-04-12T18:24:50","date_gmt":"2021-04-12T16:24:50","guid":{"rendered":"https:\/\/www.teamedelstahl.de\/?page_id=3612"},"modified":"2025-11-28T19:08:26","modified_gmt":"2025-11-28T18:08:26","slug":"1-4833","status":"publish","type":"page","link":"https:\/\/www.teamedelstahl.de\/fr\/lieferprogramm\/bleche\/1-4833\/","title":{"rendered":"1.4833"},"content":{"rendered":"<div class=\"ast-breadcrumbs-wrapper\">\n\t\t\t<div class=\"ast-breadcrumbs-inner\"><nav role=\"navigation\" aria-label=\"Breadcrumbs\" class=\"breadcrumb-trail breadcrumbs\" ><div class=\"ast-breadcrumbs\"><ul class=\"trail-items\" ><li  class=\"trail-item trail-end\"><span><a href=\"https:\/\/www.teamedelstahl.de\/fr\/\" rel=\"home\"><span >Accueil<\/span><\/a><\/span><\/li><\/ul><\/div><\/nav><\/div>\n\t\t<\/div>\n<h1>\n\t\t\tT\u00f4le r\u00e9sistante \u00e0 la chaleur 1.4833 - AISI 309S\t<\/h1>\n\t\t\t\t<img decoding=\"async\" src=\"https:\/\/www.teamedelstahl.de\/wp-content\/uploads\/2021\/04\/Blech-1.4833.jpg\" alt=\"Blech-1.4833\" itemprop=\"image\" height=\"730\" width=\"800\" title=\"T\u00f4le-1.4833\" onerror=\"this.style.display='none'\" loading=\"lazy\" \/>\n\t<p>Nous vous fournissons des t\u00f4les r\u00e9sistantes \u00e0 la chaleur en mat\u00e9riau 1.4833 dans les versions et les dimensions les plus diverses. Vous trouverez plus d'informations en bas de la page. Nous nous r\u00e9jouissons de vos demandes et commandes !<\/p>\n\t1.4833<br \/>\nt\u00f4les lamin\u00e9es \u00e0 froid\n\t1.4833<br \/>\nt\u00f4les lamin\u00e9es \u00e0 chaud\n\t1.4833<br \/>\nT\u00f4les quarto\n<h2>\n\t\t\tService\t<\/h2>\n\t<p>D\u00e9roulage, formats fixes, production neuve, sp\u00e9cifications techniques de livraison<\/p>\n<h2>\n\t\t\tFa\u00e7onnage\t<\/h2>\n\t<p>Meulage, Brossage, Polissage circulaire, Pelliculage<\/p>\n<h2>\n\t\t\tNormes\t<\/h2>\n\t\t\t <p>EN 10088-2<\/p>\t\t\n\t\t\t <p>EN 10028-7<\/p>\t\t\n\t\t\t <p>EN 10095<\/p>\t\t\n\t\t\t <p>SEW 470<\/p>\t\t\n\t\t\t <p>EN ISO 9445-2<\/p>\t\t\n\t\t\t <p>EN ISO 18286<\/p>\t\t\n\t\t\t <p>EN 10029<\/p>\t\t\n\t\t\t <p>EN ISO 9444-2<\/p>\t\t\n\t\t\t <p>EN 10163-2<\/p>\t\t\n\t<h2>\n\t\t\tSurfaces\t<\/h2>\n\t\t\t\t<p>1C<\/p>\n\t\t\t\t<p>1D<\/p>\n\t\t\t\t<p>2B<\/p>\n\t\t\t\t<p>2C<\/p>\n\t\t\t\t<p>2E<\/p>\n\t\t\t\t<p>2R<\/p>\n\t\t\t\t<p>lamin\u00e9 \u00e0 chaud, trait\u00e9 thermiquement, non d\u00e9cap\u00e9<\/p>\n\t\t\t\t<p>lamin\u00e9 \u00e0 chaud, trait\u00e9 thermiquement, d\u00e9cap\u00e9<\/p>\n\t\t\t\t<p>lamin\u00e9 \u00e0 froid, trait\u00e9 thermiquement, d\u00e9cap\u00e9, relamin\u00e9 \u00e0 froid<\/p>\n\t\t\t\t<p>lamin\u00e9 \u00e0 froid, trait\u00e9 thermiquement, non d\u00e9cap\u00e9<\/p>\n\t\t\t\t<p>lamin\u00e9 \u00e0 froid, trait\u00e9 thermiquement, d\u00e9cap\u00e9 m\u00e9caniquement<\/p>\n\t\t\t\t<p>lamin\u00e9 \u00e0 froid, recuit brillant<\/p>\n<h2>\n\t\t\tVotre contact\t<\/h2>\n\t\t\t\t<img decoding=\"async\" src=\"https:\/\/www.teamedelstahl.de\/wp-content\/uploads\/2020\/11\/Maurice-Schwarz.jpg\" alt=\"Maurice-Schwarz\" itemprop=\"image\" height=\"1200\" width=\"900\" title=\"Maurice-Schwarz\" onerror=\"this.style.display='none'\" loading=\"lazy\" \/>\n\t<p><strong>Maurice Schwarz<\/strong><\/p>\n\t<p>Demandez votre offre gratuite et sans engagement!<\/p>\n\t\t\t <p>R\u00e9pondre rapidement \u00e0 vos demandes<\/p>\t\t\n\t\t\t <p>D\u00e9lais de livraison courts<\/p>\t\t\n\t\t\t <p>Des prix \u00e9quitables<\/p>\t\t\n\t\t\t <p>Certifi\u00e9 DIN EN ISO 9001:2015<\/p>\t\t\n\t\t\t<img decoding=\"async\" loading=\"false\" src=\"https:\/\/www.teamedelstahl.de\/wp-content\/uploads\/2021\/01\/hitzebest\u00e4ndige-bleche.jpg\" alt=\"\" \/>\t\t\t\n\t\t\t\t<h5>T\u00f4les r\u00e9sistantes \u00e0 la chaleur<\/h5>1.4713, 1.4724, 1.4742, 1.4762, 1.4828, 1.4833, 1.4835, 1.4841, 1.4845, 1.4876\/H, 1.4878. Nous vous livrons des t\u00f4les r\u00e9sistantes \u00e0 la chaleur provenant du stock de l'usine et de l'entrep\u00f4t ainsi que de nouvelles productions.<br \/>\n\n\t\t\t<img decoding=\"async\" loading=\"false\" src=\"https:\/\/www.teamedelstahl.de\/wp-content\/uploads\/2021\/01\/team-edelstahl-logistik-klein.jpg\" alt=\"\" \/>\t\t\t\n\t\t\t\t<h5>Logistique europ\u00e9enne<\/h5><p>Nous livrons les t\u00f4les command\u00e9es directement chez vous, \u00e0 temps et \u00e0 un prix avantageux. Et ce, dans toute l'Europe ! Qu'il s'agisse de groupage ou de transport direct par camion, de grandes largeurs ou de grandes longueurs, nous veillons \u00e0 ce que votre livraison arrive \u00e0 temps \u00e0 destination.<\/p>\n\t\t\t\t<a href=\"#\" aria-label=\"previous\" role=\"button\">\n<\/a>\n\t\t\t\t<a href=\"#\" aria-label=\"suivant\" role=\"button\">\n<\/a>","protected":false},"excerpt":{"rendered":"<p>Hitzebest\u00e4ndiges Blech 1.4833 &#8211; AISI 309S Wir liefern Ihnen hitzebest\u00e4ndige Bleche aus Werkstoff 1.4833 in verschiedensten Ausf\u00fchrungen und Abmessungen. Weitere Infos finden Sie unten auf der Seite. Wir freuen uns auf Ihre Anfragen und Bestellungen! 1.4833 kaltgewalzte Bleche 1.4833 warmgewalzte Bleche 1.4833 Quartobleche Service Abcoilen, Fixformate, Neuproduktion, technische Liefervorschriften Anarbeitung Schleifen, B\u00fcrsten, Kreismarmorieren, Folieren Normen [&hellip;]<\/p>\n","protected":false},"author":4,"featured_media":0,"parent":772,"menu_order":0,"comment_status":"closed","ping_status":"closed","template":"","meta":{"site-sidebar-layout":"no-sidebar","site-content-layout":"page-builder","ast-site-content-layout":"default","site-content-style":"default","site-sidebar-style":"default","ast-global-header-display":"","ast-banner-title-visibility":"","ast-main-header-display":"","ast-hfb-above-header-display":"","ast-hfb-below-header-display":"","ast-hfb-mobile-header-display":"","site-post-title":"disabled","ast-breadcrumbs-content":"","ast-featured-img":"","footer-sml-layout":"","ast-disable-related-posts":"","theme-transparent-header-meta":"default","adv-header-id-meta":"","stick-header-meta":"default","header-above-stick-meta":"","header-main-stick-meta":"","header-below-stick-meta":"","astra-migrate-meta-layouts":"default","ast-page-background-enabled":"default","ast-page-background-meta":{"desktop":{"background-color":"","background-image":"","background-repeat":"repeat","background-position":"center center","background-size":"auto","background-attachment":"scroll","background-type":"","background-media":"","overlay-type":"","overlay-color":"","overlay-opacity":"","overlay-gradient":""},"tablet":{"background-color":"","background-image":"","background-repeat":"repeat","background-position":"center center","background-size":"auto","background-attachment":"scroll","background-type":"","background-media":"","overlay-type":"","overlay-color":"","overlay-opacity":"","overlay-gradient":""},"mobile":{"background-color":"","background-image":"","background-repeat":"repeat","background-position":"center center","background-size":"auto","background-attachment":"scroll","background-type":"","background-media":"","overlay-type":"","overlay-color":"","overlay-opacity":"","overlay-gradient":""}},"ast-content-background-meta":{"desktop":{"background-color":"var(--ast-global-color-5)","background-image":"","background-repeat":"repeat","background-position":"center center","background-size":"auto","background-attachment":"scroll","background-type":"","background-media":"","overlay-type":"","overlay-color":"","overlay-opacity":"","overlay-gradient":""},"tablet":{"background-color":"var(--ast-global-color-5)","background-image":"","background-repeat":"repeat","background-position":"center center","background-size":"auto","background-attachment":"scroll","background-type":"","background-media":"","overlay-type":"","overlay-color":"","overlay-opacity":"","overlay-gradient":""},"mobile":{"background-color":"var(--ast-global-color-5)","background-image":"","background-repeat":"repeat","background-position":"center center","background-size":"auto","background-attachment":"scroll","background-type":"","background-media":"","overlay-type":"","overlay-color":"","overlay-opacity":"","overlay-gradient":""}},"footnotes":""},"class_list":["post-3612","page","type-page","status-publish","hentry"],"_links":{"self":[{"href":"https:\/\/www.teamedelstahl.de\/fr\/wp-json\/wp\/v2\/pages\/3612","targetHints":{"allow":["GET"]}}],"collection":[{"href":"https:\/\/www.teamedelstahl.de\/fr\/wp-json\/wp\/v2\/pages"}],"about":[{"href":"https:\/\/www.teamedelstahl.de\/fr\/wp-json\/wp\/v2\/types\/page"}],"author":[{"embeddable":true,"href":"https:\/\/www.teamedelstahl.de\/fr\/wp-json\/wp\/v2\/users\/4"}],"replies":[{"embeddable":true,"href":"https:\/\/www.teamedelstahl.de\/fr\/wp-json\/wp\/v2\/comments?post=3612"}],"version-history":[{"count":4,"href":"https:\/\/www.teamedelstahl.de\/fr\/wp-json\/wp\/v2\/pages\/3612\/revisions"}],"predecessor-version":[{"id":4961,"href":"https:\/\/www.teamedelstahl.de\/fr\/wp-json\/wp\/v2\/pages\/3612\/revisions\/4961"}],"up":[{"embeddable":true,"href":"https:\/\/www.teamedelstahl.de\/fr\/wp-json\/wp\/v2\/pages\/772"}],"wp:attachment":[{"href":"https:\/\/www.teamedelstahl.de\/fr\/wp-json\/wp\/v2\/media?parent=3612"}],"curies":[{"name":"wp","href":"https:\/\/api.w.org\/{rel}","templated":true}]}}