{"id":2814,"date":"2021-02-14T13:50:42","date_gmt":"2021-02-14T12:50:42","guid":{"rendered":"https:\/\/www.teamedelstahl.de\/?page_id=2814"},"modified":"2025-11-27T21:44:30","modified_gmt":"2025-11-27T20:44:30","slug":"1-4162","status":"publish","type":"page","link":"https:\/\/www.teamedelstahl.de\/fr\/werkstoffe\/1-4162\/","title":{"rendered":"1.4162"},"content":{"rendered":"<div class=\"ast-breadcrumbs-wrapper\">\n\t\t\t<div class=\"ast-breadcrumbs-inner\"><nav role=\"navigation\" aria-label=\"Breadcrumbs\" class=\"breadcrumb-trail breadcrumbs\" ><div class=\"ast-breadcrumbs\"><ul class=\"trail-items\" ><li  class=\"trail-item trail-end\"><span><a href=\"https:\/\/www.teamedelstahl.de\/fr\/\" rel=\"home\"><span >Accueil<\/span><\/a><\/span><\/li><\/ul><\/div><\/nav><\/div>\n\t\t<\/div>\n<h1>\n\t\t\tFiche technique mat\u00e9riau 1.4162\t<\/h1>\n\t<p>X2CrMnNiN22-5-2<\/p>\n\t<p>Acier Lean-Duplex<\/p>\n<h2>\n\t\t\tBr\u00e8ve description\t<\/h2>\n\t<p>Le mat\u00e9riau 1.4162 ou UNS S32101 est un acier duplex faiblement alli\u00e9 qui pr\u00e9sente une bonne r\u00e9sistance \u00e0 la corrosion g\u00e9n\u00e9rale et \u00e0 la corrosion fissurante sous contrainte. En raison de ses limites d'\u00e9lasticit\u00e9 \u00e9lev\u00e9es, ce mat\u00e9riau fournit des caract\u00e9ristiques de calcul deux fois plus \u00e9lev\u00e9es que, par exemple <a href=\"https:\/\/www.teamedelstahl.de\/fr\/werkstoffe\/1-4301\/\">1.4301<\/a> ou <a href=\"https:\/\/www.teamedelstahl.de\/fr\/werkstoffe\/1-4404\/\">1.4404<\/a>, Il en r\u00e9sulte un grand potentiel d'\u00e9conomies d'\u00e9paisseur de paroi.<\/p>\n<h2>\n\t\t\tNormes et d\u00e9signations\t<\/h2>\n<h2>\n\t\t\tComposition chimique\t<\/h2>\n<h2>\n\t\t\tG\u00e9n\u00e9ralit\u00e9s<br \/>Caract\u00e9ristiques\t<\/h2>\n\t\t\t\t<table>\n\t\t\t\t\t<thead>\n\t\t\t\t\t\t\t\t\t\t\t\t\t\t<th rowspan=\"\" colspan=\"\">\n\t\t\t\t\t\t\t\t\t\t R\u00e9sistance \u00e0 la corrosion \n\t\t\t\t\t\t\t\t\t\t\t\t\t\t\t\t\t<\/th>\n\t\t\t\t\t\t\t\t\t\t\t\t\t\t<th rowspan=\"\" colspan=\"\">\n\t\t\t\t\t\t\t\t\t\t\t\t\t\t\t\t\t<label>\n\t\t\t\t\t\t\t\t\t\t<\/label><label> tr\u00e8s bon <\/label>\n\t\t\t\t\t\t\t\t\t\n\t\t\t\t\t\t\t\t\t\t\t\t\t\t\t\t\t<\/th>\n\t\t\t\t\t\t\t\t\t\t\t<\/thead>\n\t\t\t\t\t<tbody>\n\t\t\t\t\t\t\t\t\t\t\t\t\t\t\t<tr>\n\t\t\t\t\t\t\t\t\t\t\t\t\t\t\t\t\t\t\t\t<td colspan=\"\" rowspan=\"\">\n\t\t\t\t\t\t\t\t\t\t\t\t\t\t\t\t\t\t\t\t\t\t\t Propri\u00e9t\u00e9s m\u00e9caniques \n\t\t\t\t\t\t\t\t\t\t\t\t\t\t\t\t\t\t\t\t\t\t\t<\/td>\n\t\t\t\t\t\t\t\t\t\t\t\t\t\t\t\t<td colspan=\"\" rowspan=\"\">\n\t\t\t\t\t\t\t\t\t\t\t\t\t\t\t\t\t\t\t\t\t\t\t bien \n\t\t\t\t\t\t\t\t\t\t\t\t\t\t\t\t\t\t\t\t\t\t\t<\/td>\n\t\t\t\t\t\t\t\t\t\t\t\t\t\t\t<\/tr><tr>\n\t\t\t\t\t\t\t\t\t\t\t\t\t\t\t\t\t\t\t\t<td colspan=\"\" rowspan=\"\">\n\t\t\t\t\t\t\t\t\t\t\t\t\t\t\t\t\t\t\t\t\t\t\t Aptitude \u00e0 la transpiration \n\t\t\t\t\t\t\t\t\t\t\t\t\t\t\t\t\t\t\t\t\t\t\t<\/td>\n\t\t\t\t\t\t\t\t\t\t\t\t\t\t\t\t<td colspan=\"\" rowspan=\"\">\n\t\t\t\t\t\t\t\t\t\t\t\t\t\t\t\t\t\t\t\t\t\t\t tr\u00e8s bon \n\t\t\t\t\t\t\t\t\t\t\t\t\t\t\t\t\t\t\t\t\t\t\t<\/td>\n\t\t\t\t\t\t\t\t\t\t\t<\/tr><\/tbody>\n\t\t\t\t<\/table>\n\t<h2>\n\t\t\tSp\u00e9cial<br \/>Caract\u00e9ristiques\t<\/h2>\n\tPeut \u00eatre poli<br \/>\nTemp\u00e9rature d'utilisation maximale recommand\u00e9e : 300\u00b0C \n<h2>\n\t\t\tCorrosion-<br \/>r\u00e9sistance\t<\/h2>\n\t<p>Le mat\u00e9riau 1.4162 r\u00e9siste \u00e0 la corrosion g\u00e9n\u00e9rale, \u00e0 la corrosion intergranulaire, \u00e0 la corrosion fissurante, \u00e0 la corrosion \u00e9rosive et \u00e0 la fatigue due \u00e0 la corrosion. Le mat\u00e9riau 1.4162 ne r\u00e9siste toutefois pas \u00e0 l'eau de mer. (PREN = 24,8 - 26,8)<\/p>\n<h2>\n\t\t\tPropri\u00e9t\u00e9s m\u00e9caniques <br \/>\u00e0 20\u00b0C\t<\/h2>\n\tDuret\u00e9<br \/>\nHB\n\t<p>\u2264 290<\/p>\n\tLimite d'\u00e9lasticit\u00e9<br \/>\nRp<sub>0,2<\/sub><br \/>\nN \/ mm\u00b2\n\t<p>\u2265 450<\/p>\n\tR\u00e9sistance \u00e0 la traction<br \/>\nR<sub>m<\/sub><br \/>\nN \/ mm\u00b2\n\t<p>\u2265 650<\/p>\n\tAllongement<br \/>\nA5,65\n\t<p>\u2265 30%<\/p>\n\tModule d'\u00e9lasticit\u00e9<br \/>\nkN \/ mm\u00b2\n\t<p>200<\/p>\n<h2>\n\t\t\tDomaines d'application\t<\/h2>\n\tIndustrie du b\u00e2timent<br \/>\nConstruction de r\u00e9servoirs<br \/>\nChimie<br \/>\nIndustrie du p\u00e9trole et du gaz<br \/>\nIndustrie du papier et de la cellulose<br \/>\nProduction de r\u00e9servoirs\n<h2>\n\t\t\tPropri\u00e9t\u00e9s physiques <br \/>\u00e0 20\u00b0C\t<\/h2>\n\tDensit\u00e9<br \/>\nkg\/dm\u00b3\n\t<p>7,7<\/p>\n\t\u00c9lectrique<br \/>\nR\u00e9sistance<br \/>\n(ohm) mm\u00b2\/m\n\t<p>0,80<\/p>\n\t<br \/>\nMagn\u00e9tisation<br \/>\n&nbsp;\n\t<p>disponible<\/p>\n\tConductivit\u00e9 thermique<br \/>\nW\/m K\n\t<p>15<\/p>\n\tSp\u00e9cifique<br \/>\nCapacit\u00e9 thermique<br \/>\nJ\/kg K\n\t<p>500<\/p>\n<h2>\n\t\t\tNotre<br \/>Gamme de produits\t<\/h2>\n<h2>\n\t\t<a href=\"https:\/\/www.teamedelstahl.de\/fr\/lieferprogramm\/bleche\/1-4162\/\" title=\"1.4162T\u00f4les\"  target=\"_self\">\n\t\t\t1.4162<br \/>T\u00f4les\t\t<\/a>\n\t<\/h2>\n\t\t\t\t<a href=\"https:\/\/www.teamedelstahl.de\/fr\/lieferprogramm\/bleche\/1-4162\/\"  target=\"_self\" itemprop=\"url\">\n\t\t\t\t<img decoding=\"async\" src=\"https:\/\/www.teamedelstahl.de\/wp-content\/uploads\/2020\/11\/Blech-Icon-800.jpg\" alt=\"Blech-Icon-800\" itemprop=\"image\" height=\"541\" width=\"800\" title=\"Ic\u00f4ne en t\u00f4le-800\" onerror=\"this.style.display='none'\" loading=\"lazy\" \/>\n\t\t\t\t<\/a>\n\t<p><a href=\"https:\/\/www.teamedelstahl.de\/fr\/lieferprogramm\/bleche\/1-4162\/\">En savoir plus &gt;<\/a><\/p>\n<h2>\n\t\t<a href=\"https:\/\/www.teamedelstahl.de\/fr\/lieferprogramm\/blechzuschnitte\/\" title=\"1.4162D\u00e9coupes\"  target=\"_self\">\n\t\t\t1.4162<br \/>D\u00e9coupes\t\t<\/a>\n\t<\/h2>\n\t\t\t\t<a href=\"https:\/\/www.teamedelstahl.de\/fr\/lieferprogramm\/blechzuschnitte\/\"  target=\"_self\" itemprop=\"url\">\n\t\t\t\t<img decoding=\"async\" src=\"https:\/\/www.teamedelstahl.de\/wp-content\/uploads\/2020\/11\/Blechzuschnitt-Icon-800.jpg\" alt=\"Blechzuschnitt-Icon-800\" itemprop=\"image\" height=\"541\" width=\"800\" title=\"Ic\u00f4ne de d\u00e9coupe de t\u00f4le-800\" onerror=\"this.style.display='none'\" loading=\"lazy\" \/>\n\t\t\t\t<\/a>\n\t<p><a href=\"https:\/\/www.teamedelstahl.de\/fr\/lieferprogramm\/blechzuschnitte\/\">En savoir plus &gt;<\/a><\/p>\n<h2>\n\t\t<a href=\"https:\/\/www.teamedelstahl.de\/fr\/lieferprogramm\/coils-spaltband\/1-4162\/\" title=\"1.4162Coils \/ bande refendue\"  target=\"_self\">\n\t\t\t1.4162<br \/>Bobines \/ feuillards refendues\t\t<\/a>\n\t<\/h2>\n\t\t\t\t<a href=\"https:\/\/www.teamedelstahl.de\/fr\/lieferprogramm\/coils-spaltband\/1-4162\/\"  target=\"_self\" itemprop=\"url\">\n\t\t\t\t<img decoding=\"async\" src=\"https:\/\/www.teamedelstahl.de\/wp-content\/uploads\/2020\/11\/Coils-Spaltband-Icon-800.jpg\" alt=\"Coils-Spaltband-Icon-800\" itemprop=\"image\" height=\"541\" width=\"800\" title=\"Bande de refendage Coils-Icon-800\" onerror=\"this.style.display='none'\" loading=\"lazy\" \/>\n\t\t\t\t<\/a>\n\t<p><a href=\"https:\/\/www.teamedelstahl.de\/fr\/lieferprogramm\/coils-spaltband\/1-4162\/\">En savoir plus &gt;<\/a><\/p>\n<h2>\n\t\t<a href=\"https:\/\/www.teamedelstahl.de\/fr\/lieferprogramm\/stabstahl\/\" title=\"1.4162Acier \u00e0 barre\"  target=\"_self\">\n\t\t\t1.4162<br \/>Produits longs\t\t<\/a>\n\t<\/h2>\n\t\t\t\t<a href=\"https:\/\/www.teamedelstahl.de\/fr\/lieferprogramm\/stabstahl\/\"  target=\"_self\" itemprop=\"url\">\n\t\t\t\t<img decoding=\"async\" src=\"https:\/\/www.teamedelstahl.de\/wp-content\/uploads\/2020\/11\/Stabstahl-Icon-800-4.jpg\" alt=\"Stabstahl-Icon-800\" itemprop=\"image\" height=\"541\" width=\"800\" title=\"Barre d&#039;acier Icon-800\" onerror=\"this.style.display='none'\" loading=\"lazy\" \/>\n\t\t\t\t<\/a>\n\t<p><a href=\"https:\/\/www.teamedelstahl.de\/fr\/lieferprogramm\/stabstahl\/\">En savoir plus &gt;<\/a><\/p>\n<h2>\n\t\t<a href=\"https:\/\/www.teamedelstahl.de\/fr\/lieferprogramm\/rohre\/\" title=\"1.4162Tubes\"  target=\"_self\">\n\t\t\t1.4162<br \/>Tubes\t\t<\/a>\n\t<\/h2>\n\t\t\t\t<a href=\"https:\/\/www.teamedelstahl.de\/fr\/lieferprogramm\/rohre\/\"  target=\"_self\" itemprop=\"url\">\n\t\t\t\t<img decoding=\"async\" src=\"https:\/\/www.teamedelstahl.de\/wp-content\/uploads\/2020\/11\/Rohre-Icon-800.jpg\" alt=\"Rohre-Icon-800\" itemprop=\"image\" height=\"541\" width=\"800\" title=\"Tubes-Icon-800\" onerror=\"this.style.display='none'\" loading=\"lazy\" \/>\n\t\t\t\t<\/a>\n\t<p><a href=\"https:\/\/www.teamedelstahl.de\/fr\/lieferprogramm\/rohre\/\">En savoir plus &gt;<\/a><\/p>\n<h2>\n\t\t\tFoire aux questions\t<\/h2>\n\t\t\t\t\t\t\t\t\t\t<h3 tabindex=\"0\">Quelle est la r\u00e9sistance \u00e0 la traction du mat\u00e9riau 1.4162 ?<\/h3>\n\t\t\t\t\t<p>La r\u00e9sistance \u00e0 la traction du mat\u00e9riau 1.4162 est \u2265 650 N\/mm\u00b2.<\/p>\n\t\t\t\t\t\t\t\t\t\t<h3 tabindex=\"0\">Quelle est la densit\u00e9 du mat\u00e9riau 1.4162 ?<\/h3>\n\t\t\t\t\t<p>\u00c0 20\u00b0C, la densit\u00e9 du mat\u00e9riau 1.4162 est de 7,7 kg\/dm\u00b3.<\/p>\n\t\t\t\t\t\t\t\t\t\t<h3 tabindex=\"0\">Quelle est la duret\u00e9 du mat\u00e9riau 1.4162 ?<\/h3>\n\t\t\t\t\t<p>La duret\u00e9 du mat\u00e9riau 1.4162 est \u2264 290 HB.<\/p>\n<h2>\n\t\t\tRemarque importante\t<\/h2>\n\t<p><strong>TEAM EDELSTAHL agit en tant qu'entreprise purement commerciale, sans collaborateurs techniques. Par cons\u00e9quent, nous ne pouvons et ne devons pas donner de conseils sur les mat\u00e9riaux.<\/strong><\/p>\n<p>Les valeurs et indications mentionn\u00e9es ci-dessus concernant la nature et\/ou l'utilisation du mat\u00e9riau sont purement informatives. Ces indications sont bas\u00e9es sur les valeurs empiriques des fabricants et de TEAM EDELSTAHL. Toutes les indications sont sans garantie. Sous r\u00e9serve de fautes d'impression, d'erreurs et de modifications.<\/p>","protected":false},"excerpt":{"rendered":"<p>Datenblatt Werkstoff 1.4162 X2CrMnNiN22-5-2 Lean-Duplex-Stahl Kurzbeschreibung Der Werkstoff 1.4162 oder UNS S32101 ist ein niedriglegierter Duplex Stahl mit einer guten Best\u00e4ndigkeit gegen allgemeine Korrosion und Spannungsrisskorrosion. Aufgrund seiner hohen Streckgrenzen liefert dieser Werkstoff doppelt so hohe Berechnungskennwerte wie beispielsweise 1.4301 oder 1.4404, woraus ein gro\u00dfes Potenzial von Wandst\u00e4rkeneinsparungen resultiert. Normen und Bezeichnungen Chemische Zusammensetzung AllgemeineEigenschaften [&hellip;]<\/p>\n","protected":false},"author":1,"featured_media":0,"parent":13,"menu_order":0,"comment_status":"closed","ping_status":"closed","template":"","meta":{"site-sidebar-layout":"no-sidebar","site-content-layout":"page-builder","ast-site-content-layout":"default","site-content-style":"default","site-sidebar-style":"default","ast-global-header-display":"","ast-banner-title-visibility":"","ast-main-header-display":"","ast-hfb-above-header-display":"","ast-hfb-below-header-display":"","ast-hfb-mobile-header-display":"","site-post-title":"disabled","ast-breadcrumbs-content":"","ast-featured-img":"","footer-sml-layout":"","ast-disable-related-posts":"","theme-transparent-header-meta":"default","adv-header-id-meta":"","stick-header-meta":"default","header-above-stick-meta":"","header-main-stick-meta":"","header-below-stick-meta":"","astra-migrate-meta-layouts":"default","ast-page-background-enabled":"default","ast-page-background-meta":{"desktop":{"background-color":"","background-image":"","background-repeat":"repeat","background-position":"center center","background-size":"auto","background-attachment":"scroll","background-type":"","background-media":"","overlay-type":"","overlay-color":"","overlay-opacity":"","overlay-gradient":""},"tablet":{"background-color":"","background-image":"","background-repeat":"repeat","background-position":"center center","background-size":"auto","background-attachment":"scroll","background-type":"","background-media":"","overlay-type":"","overlay-color":"","overlay-opacity":"","overlay-gradient":""},"mobile":{"background-color":"","background-image":"","background-repeat":"repeat","background-position":"center center","background-size":"auto","background-attachment":"scroll","background-type":"","background-media":"","overlay-type":"","overlay-color":"","overlay-opacity":"","overlay-gradient":""}},"ast-content-background-meta":{"desktop":{"background-color":"var(--ast-global-color-5)","background-image":"","background-repeat":"repeat","background-position":"center center","background-size":"auto","background-attachment":"scroll","background-type":"","background-media":"","overlay-type":"","overlay-color":"","overlay-opacity":"","overlay-gradient":""},"tablet":{"background-color":"var(--ast-global-color-5)","background-image":"","background-repeat":"repeat","background-position":"center center","background-size":"auto","background-attachment":"scroll","background-type":"","background-media":"","overlay-type":"","overlay-color":"","overlay-opacity":"","overlay-gradient":""},"mobile":{"background-color":"var(--ast-global-color-5)","background-image":"","background-repeat":"repeat","background-position":"center center","background-size":"auto","background-attachment":"scroll","background-type":"","background-media":"","overlay-type":"","overlay-color":"","overlay-opacity":"","overlay-gradient":""}},"footnotes":""},"class_list":["post-2814","page","type-page","status-publish","hentry"],"_links":{"self":[{"href":"https:\/\/www.teamedelstahl.de\/fr\/wp-json\/wp\/v2\/pages\/2814","targetHints":{"allow":["GET"]}}],"collection":[{"href":"https:\/\/www.teamedelstahl.de\/fr\/wp-json\/wp\/v2\/pages"}],"about":[{"href":"https:\/\/www.teamedelstahl.de\/fr\/wp-json\/wp\/v2\/types\/page"}],"author":[{"embeddable":true,"href":"https:\/\/www.teamedelstahl.de\/fr\/wp-json\/wp\/v2\/users\/1"}],"replies":[{"embeddable":true,"href":"https:\/\/www.teamedelstahl.de\/fr\/wp-json\/wp\/v2\/comments?post=2814"}],"version-history":[{"count":11,"href":"https:\/\/www.teamedelstahl.de\/fr\/wp-json\/wp\/v2\/pages\/2814\/revisions"}],"predecessor-version":[{"id":4928,"href":"https:\/\/www.teamedelstahl.de\/fr\/wp-json\/wp\/v2\/pages\/2814\/revisions\/4928"}],"up":[{"embeddable":true,"href":"https:\/\/www.teamedelstahl.de\/fr\/wp-json\/wp\/v2\/pages\/13"}],"wp:attachment":[{"href":"https:\/\/www.teamedelstahl.de\/fr\/wp-json\/wp\/v2\/media?parent=2814"}],"curies":[{"name":"wp","href":"https:\/\/api.w.org\/{rel}","templated":true}]}}